{"id":2208,"date":"2024-03-01T20:44:34","date_gmt":"2024-03-01T20:44:34","guid":{"rendered":"https:\/\/www.clinicpetfood.com\/?post_type=product&#038;p=2208"},"modified":"2024-12-17T10:44:10","modified_gmt":"2024-12-17T10:44:10","slug":"clinic-vd-gastrodigestive-kip-25-kg","status":"publish","type":"product","link":"https:\/\/clinicpetfood.com\/de\/produkt\/clinic-vd-gastrodigestive-kip-25-kg\/","title":{"rendered":"GastroDigestive Huhn 2,5 kg"},"content":{"rendered":"<p>F\u00fcr die ern\u00e4hrungsphysiologische Behandlung von Hunden mit schlechter Verdauung. Dar\u00fcber hinaus kann dieses Futter bei (akuten) Resorptionsst\u00f6rungen des Darms und bei exokriner Pankreasinsuffizienz verabreicht werden. Verdauungsprobleme bei Hunden sind ein h\u00e4ufiges Problem und auch sehr unangenehm. Das Problem \u00e4u\u00dfert sich oft als Durchfall und kann verschiedene Ursachen haben: falsche Ern\u00e4hrung und Organerkrankungen sowie Infektionen, Darmparasiten oder Nahrungsmittelallergien k\u00f6nnen die m\u00f6glichen Schuldigen sein.<\/p>\n<p><strong>Zusammensetzung:<\/strong><br \/>\nGetrocknetes H\u00fchnerfleisch (23%), Hafer, Reis, Mais, Gefl\u00fcgelfett, hydrolysierte H\u00fchnerleber (4%), Erbsen, Leinsamen, Mineralstoffe, Lachs\u00f6l, Trockenei (1%), pflanzliche Ballaststoffe, Psylliumschalen, Mannanoligosaccharide (MOS; 0,5%), Inulin (Quelle f\u00fcr Fructooligosaccharide (FOS; 0,2%)).<\/p>\n<p><strong>Analytische Bestandteile:<\/strong><br \/>\nRohprotein 25,0%, Rohfett 15,0%, Rohasche 6,0%, Rohfaser 2,7%, Feuchte 8,0%, Kalzium 1,1%, Phosphor 1,0%, Natrium 0,3%, Kalium 0,7%, Linols\u00e4ure 3,4%, Alpha-Linolens\u00e4ure 0,6%, Arachidons\u00e4ure 0,1%, EPA 0,1%, DHA 0,1%, Omega-3-Fetts\u00e4uren 0,8%, Omega-6-Fetts\u00e4uren 3,5%.<\/p>\n<p><strong>Zusatzstoffe pro kg :<\/strong><br \/>\nErn\u00e4hrungsphysiologische Zusatzstoffe: Vitamin A 18.000 IU, Vitamin D3 1.800 IU, Vitamin E 400 IU, Taurin 1.000 mg, L-Carnitin 50 mg. Spurenelemente: Eisen (3b103) 70 mg; (3b108) 35 mg, Kupfer (3b405) 10 mg; (3b413) 5 mg, Zink (3b605) 100 mg; (3b607) 50 mg, Mangan (3b502) 50 mg; (3b506) 25 mg, Jod (3b202) 2 mg, Selen (3b801) 0,1 mg. Zootechnische Zusatzstoffe: Enterococcus faecium 200 mg. Mit nat\u00fcrlichen Antioxidantien.<\/p>\n<p>&nbsp;<\/p>\n<p><a role=\"button\">\u00a0<\/a><\/p>","protected":false},"excerpt":{"rendered":"<p><strong>f\u00fcr Hunde mit empfindlicher Verdauung (Magen-Darm)<\/strong><\/p>\n<p>&nbsp;<\/p>\n<ul>\n<li>Unterst\u00fctzt eine ausgewogene und gesunde Verdauung &gt; enth\u00e4lt Probiotika und Pr\u00e4biotika<\/li>\n<li>Unterst\u00fctzt den reibungslosen Transit und die schnelle Aufnahme von N\u00e4hrstoffen &gt; Hochverdauliche Inhaltsstoffe<\/li>\n<li>Unterst\u00fctzt einen regelm\u00e4\u00dfigen, gesunden Stuhlgang und eine gute Stuhlqualit\u00e4t &gt; Zusatz von MOS und FOS<\/li>\n<li>Hilft, das Risiko einer Nahrungsmittel\u00fcberempfindlichkeit zu verringern &gt; eine tierische Proteinquelle und ausgew\u00e4hlte Kohlenhydratquellen, weizenglutenfreie Rezeptur<\/li>\n<li>Unterst\u00fctzt den Zustand von Haut und Fell &gt; hoher Gehalt an Omega-3- und -6-Fetts\u00e4uren und Zink<\/li>\n<\/ul>","protected":false},"featured_media":6317,"comment_status":"open","ping_status":"closed","template":"","meta":{"site-sidebar-layout":"default","site-content-layout":"","ast-site-content-layout":"default","site-content-style":"default","site-sidebar-style":"default","ast-global-header-display":"","ast-banner-title-visibility":"","ast-main-header-display":"","ast-hfb-above-header-display":"","ast-hfb-below-header-display":"","ast-hfb-mobile-header-display":"","site-post-title":"","ast-breadcrumbs-content":"","ast-featured-img":"","footer-sml-layout":"","theme-transparent-header-meta":"default","adv-header-id-meta":"","stick-header-meta":"","header-above-stick-meta":"","header-main-stick-meta":"","header-below-stick-meta":"","astra-migrate-meta-layouts":"set","ast-page-background-enabled":"default","ast-page-background-meta":{"desktop":{"background-color":"var(--ast-global-color-4)","background-image":"","background-repeat":"repeat","background-position":"center center","background-size":"auto","background-attachment":"scroll","background-type":"","background-media":"","overlay-type":"","overlay-color":"","overlay-opacity":"","overlay-gradient":""},"tablet":{"background-color":"","background-image":"","background-repeat":"repeat","background-position":"center center","background-size":"auto","background-attachment":"scroll","background-type":"","background-media":"","overlay-type":"","overlay-color":"","overlay-opacity":"","overlay-gradient":""},"mobile":{"background-color":"","background-image":"","background-repeat":"repeat","background-position":"center center","background-size":"auto","background-attachment":"scroll","background-type":"","background-media":"","overlay-type":"","overlay-color":"","overlay-opacity":"","overlay-gradient":""}},"ast-content-background-meta":{"desktop":{"background-color":"var(--ast-global-color-5)","background-image":"","background-repeat":"repeat","background-position":"center center","background-size":"auto","background-attachment":"scroll","background-type":"","background-media":"","overlay-type":"","overlay-color":"","overlay-opacity":"","overlay-gradient":""},"tablet":{"background-color":"var(--ast-global-color-5)","background-image":"","background-repeat":"repeat","background-position":"center center","background-size":"auto","background-attachment":"scroll","background-type":"","background-media":"","overlay-type":"","overlay-color":"","overlay-opacity":"","overlay-gradient":""},"mobile":{"background-color":"var(--ast-global-color-5)","background-image":"","background-repeat":"repeat","background-position":"center center","background-size":"auto","background-attachment":"scroll","background-type":"","background-media":"","overlay-type":"","overlay-color":"","overlay-opacity":"","overlay-gradient":""}}},"product_brand":[],"product_cat":[15],"product_tag":[],"class_list":{"0":"post-2208","1":"product","2":"type-product","3":"status-publish","4":"has-post-thumbnail","6":"product_cat-geen-categorie","7":"desktop-align-left","8":"tablet-align-left","9":"mobile-align-left","11":"first","12":"instock","13":"shipping-taxable","14":"purchasable","15":"product-type-simple"},"yoast_head":"<!-- This site is optimized with the Yoast SEO plugin v27.2 - https:\/\/yoast.com\/product\/yoast-seo-wordpress\/ -->\n<title>GastroDigestive kip 2,5 kg - CLiNiC<\/title>\n<meta name=\"robots\" content=\"index, follow, max-snippet:-1, max-image-preview:large, max-video-preview:-1\" \/>\n<link rel=\"canonical\" href=\"https:\/\/clinicpetfood.com\/de\/produkt\/clinic-vd-gastrodigestive-kip-25-kg\/\" \/>\n<meta property=\"og:locale\" content=\"de_DE\" \/>\n<meta property=\"og:type\" content=\"article\" \/>\n<meta property=\"og:title\" content=\"GastroDigestive kip 2,5 kg - CLiNiC\" \/>\n<meta property=\"og:description\" content=\"voor de hond met een gevoelige spijsvertering (maag - darm)  &nbsp;   Helpt bij het ondersteunen van een evenwichtige gezonde spijsvertering &gt; bevat probiotica en prebiotica  Helpt bij het ondersteunen van een soepele doorvoer en een snelle opname van voedingsstoffen &gt; zeer goed verteerbare ingredi\u00ebnten  Helpt bij het ondersteunen van een regelmatige gezonde stoelgang en ontlasting van goede kwaliteit &gt; toevoeging van MOS en FOS  Helpt het risico op een voedselovergevoeligheid te verlagen &gt; een dierlijke eiwitbron en geselecteerde koolhydraatbronnen, tarweglutenvrij recept  Helpt bij het ondersteunen van de huid- en vachtconditie &gt; hoog gehalte aan Omega-3 en -6 vetzuren en Zink\" \/>\n<meta property=\"og:url\" content=\"https:\/\/clinicpetfood.com\/de\/produkt\/clinic-vd-gastrodigestive-kip-25-kg\/\" \/>\n<meta property=\"og:site_name\" content=\"CLiNiC\" \/>\n<meta property=\"article:modified_time\" content=\"2024-12-17T10:44:10+00:00\" \/>\n<meta property=\"og:image\" content=\"https:\/\/clinicpetfood.com\/wp-content\/uploads\/2024\/09\/Clinic-Gastro-chicken-25kg-1000x1000-1.jpg\" \/>\n\t<meta property=\"og:image:width\" content=\"1000\" \/>\n\t<meta property=\"og:image:height\" content=\"1000\" \/>\n\t<meta property=\"og:image:type\" content=\"image\/jpeg\" \/>\n<meta name=\"twitter:card\" content=\"summary_large_image\" \/>\n<meta name=\"twitter:label1\" content=\"Gesch\u00e4tzte Lesezeit\" \/>\n\t<meta name=\"twitter:data1\" content=\"2\u00a0Minuten\" \/>\n<script type=\"application\/ld+json\" class=\"yoast-schema-graph\">{\"@context\":\"https:\/\/schema.org\",\"@graph\":[{\"@type\":\"WebPage\",\"@id\":\"https:\/\/clinicpetfood.com\/product\/clinic-vd-gastrodigestive-kip-25-kg\/\",\"url\":\"https:\/\/clinicpetfood.com\/product\/clinic-vd-gastrodigestive-kip-25-kg\/\",\"name\":\"GastroDigestive kip 2,5 kg - CLiNiC\",\"isPartOf\":{\"@id\":\"https:\/\/clinicpetfood.com\/#website\"},\"primaryImageOfPage\":{\"@id\":\"https:\/\/clinicpetfood.com\/product\/clinic-vd-gastrodigestive-kip-25-kg\/#primaryimage\"},\"image\":{\"@id\":\"https:\/\/clinicpetfood.com\/product\/clinic-vd-gastrodigestive-kip-25-kg\/#primaryimage\"},\"thumbnailUrl\":\"https:\/\/clinicpetfood.com\/wp-content\/uploads\/2024\/09\/Clinic-Gastro-chicken-25kg-1000x1000-1.jpg\",\"datePublished\":\"2024-03-01T20:44:34+00:00\",\"dateModified\":\"2024-12-17T10:44:10+00:00\",\"breadcrumb\":{\"@id\":\"https:\/\/clinicpetfood.com\/product\/clinic-vd-gastrodigestive-kip-25-kg\/#breadcrumb\"},\"inLanguage\":\"de\",\"potentialAction\":[{\"@type\":\"ReadAction\",\"target\":[\"https:\/\/clinicpetfood.com\/product\/clinic-vd-gastrodigestive-kip-25-kg\/\"]}]},{\"@type\":\"ImageObject\",\"inLanguage\":\"de\",\"@id\":\"https:\/\/clinicpetfood.com\/product\/clinic-vd-gastrodigestive-kip-25-kg\/#primaryimage\",\"url\":\"https:\/\/clinicpetfood.com\/wp-content\/uploads\/2024\/09\/Clinic-Gastro-chicken-25kg-1000x1000-1.jpg\",\"contentUrl\":\"https:\/\/clinicpetfood.com\/wp-content\/uploads\/2024\/09\/Clinic-Gastro-chicken-25kg-1000x1000-1.jpg\",\"width\":1000,\"height\":1000,\"caption\":\"Quad seal bag with vertical gussets. Frontal and perpective view. High realistic detail. Ready for your design. Suite for the presentation of coffee, food, for pets, household, etc. EPS10.\"},{\"@type\":\"BreadcrumbList\",\"@id\":\"https:\/\/clinicpetfood.com\/product\/clinic-vd-gastrodigestive-kip-25-kg\/#breadcrumb\",\"itemListElement\":[{\"@type\":\"ListItem\",\"position\":1,\"name\":\"Home\",\"item\":\"https:\/\/clinicpetfood.com\/\"},{\"@type\":\"ListItem\",\"position\":2,\"name\":\"Products\",\"item\":\"http:\/\/clinicpetfood.com\/de\/shop\/\"},{\"@type\":\"ListItem\",\"position\":3,\"name\":\"GastroDigestive kip 2,5 kg\"}]},{\"@type\":\"WebSite\",\"@id\":\"https:\/\/clinicpetfood.com\/#website\",\"url\":\"https:\/\/clinicpetfood.com\/\",\"name\":\"CLiNiC\",\"description\":\"Clinic Veterinary Diet\",\"publisher\":{\"@id\":\"https:\/\/clinicpetfood.com\/#organization\"},\"potentialAction\":[{\"@type\":\"SearchAction\",\"target\":{\"@type\":\"EntryPoint\",\"urlTemplate\":\"https:\/\/clinicpetfood.com\/?s={search_term_string}\"},\"query-input\":{\"@type\":\"PropertyValueSpecification\",\"valueRequired\":true,\"valueName\":\"search_term_string\"}}],\"inLanguage\":\"de\"},{\"@type\":\"Organization\",\"@id\":\"https:\/\/clinicpetfood.com\/#organization\",\"name\":\"CLiNiC\",\"url\":\"https:\/\/clinicpetfood.com\/\",\"logo\":{\"@type\":\"ImageObject\",\"inLanguage\":\"de\",\"@id\":\"https:\/\/clinicpetfood.com\/#\/schema\/logo\/image\/\",\"url\":\"https:\/\/clinicpetfood.com\/wp-content\/uploads\/2022\/09\/Logo-Clinic-puppy.png\",\"contentUrl\":\"https:\/\/clinicpetfood.com\/wp-content\/uploads\/2022\/09\/Logo-Clinic-puppy.png\",\"width\":3442,\"height\":982,\"caption\":\"CLiNiC\"},\"image\":{\"@id\":\"https:\/\/clinicpetfood.com\/#\/schema\/logo\/image\/\"}}]}<\/script>\n<!-- \/ Yoast SEO plugin. -->","yoast_head_json":{"title":"GastroDigestive kip 2,5 kg - CLiNiC","robots":{"index":"index","follow":"follow","max-snippet":"max-snippet:-1","max-image-preview":"max-image-preview:large","max-video-preview":"max-video-preview:-1"},"canonical":"https:\/\/clinicpetfood.com\/de\/produkt\/clinic-vd-gastrodigestive-kip-25-kg\/","og_locale":"de_DE","og_type":"article","og_title":"GastroDigestive kip 2,5 kg - CLiNiC","og_description":"voor de hond met een gevoelige spijsvertering (maag - darm)  &nbsp;   Helpt bij het ondersteunen van een evenwichtige gezonde spijsvertering &gt; bevat probiotica en prebiotica  Helpt bij het ondersteunen van een soepele doorvoer en een snelle opname van voedingsstoffen &gt; zeer goed verteerbare ingredi\u00ebnten  Helpt bij het ondersteunen van een regelmatige gezonde stoelgang en ontlasting van goede kwaliteit &gt; toevoeging van MOS en FOS  Helpt het risico op een voedselovergevoeligheid te verlagen &gt; een dierlijke eiwitbron en geselecteerde koolhydraatbronnen, tarweglutenvrij recept  Helpt bij het ondersteunen van de huid- en vachtconditie &gt; hoog gehalte aan Omega-3 en -6 vetzuren en Zink","og_url":"https:\/\/clinicpetfood.com\/de\/produkt\/clinic-vd-gastrodigestive-kip-25-kg\/","og_site_name":"CLiNiC","article_modified_time":"2024-12-17T10:44:10+00:00","og_image":[{"width":1000,"height":1000,"url":"https:\/\/clinicpetfood.com\/wp-content\/uploads\/2024\/09\/Clinic-Gastro-chicken-25kg-1000x1000-1.jpg","type":"image\/jpeg"}],"twitter_card":"summary_large_image","twitter_misc":{"Gesch\u00e4tzte Lesezeit":"2\u00a0Minuten"},"schema":{"@context":"https:\/\/schema.org","@graph":[{"@type":"WebPage","@id":"https:\/\/clinicpetfood.com\/product\/clinic-vd-gastrodigestive-kip-25-kg\/","url":"https:\/\/clinicpetfood.com\/product\/clinic-vd-gastrodigestive-kip-25-kg\/","name":"GastroDigestive kip 2,5 kg - CLiNiC","isPartOf":{"@id":"https:\/\/clinicpetfood.com\/#website"},"primaryImageOfPage":{"@id":"https:\/\/clinicpetfood.com\/product\/clinic-vd-gastrodigestive-kip-25-kg\/#primaryimage"},"image":{"@id":"https:\/\/clinicpetfood.com\/product\/clinic-vd-gastrodigestive-kip-25-kg\/#primaryimage"},"thumbnailUrl":"https:\/\/clinicpetfood.com\/wp-content\/uploads\/2024\/09\/Clinic-Gastro-chicken-25kg-1000x1000-1.jpg","datePublished":"2024-03-01T20:44:34+00:00","dateModified":"2024-12-17T10:44:10+00:00","breadcrumb":{"@id":"https:\/\/clinicpetfood.com\/product\/clinic-vd-gastrodigestive-kip-25-kg\/#breadcrumb"},"inLanguage":"de","potentialAction":[{"@type":"ReadAction","target":["https:\/\/clinicpetfood.com\/product\/clinic-vd-gastrodigestive-kip-25-kg\/"]}]},{"@type":"ImageObject","inLanguage":"de","@id":"https:\/\/clinicpetfood.com\/product\/clinic-vd-gastrodigestive-kip-25-kg\/#primaryimage","url":"https:\/\/clinicpetfood.com\/wp-content\/uploads\/2024\/09\/Clinic-Gastro-chicken-25kg-1000x1000-1.jpg","contentUrl":"https:\/\/clinicpetfood.com\/wp-content\/uploads\/2024\/09\/Clinic-Gastro-chicken-25kg-1000x1000-1.jpg","width":1000,"height":1000,"caption":"Quad seal bag with vertical gussets. Frontal and perpective view. High realistic detail. Ready for your design. Suite for the presentation of coffee, food, for pets, household, etc. EPS10."},{"@type":"BreadcrumbList","@id":"https:\/\/clinicpetfood.com\/product\/clinic-vd-gastrodigestive-kip-25-kg\/#breadcrumb","itemListElement":[{"@type":"ListItem","position":1,"name":"Home","item":"https:\/\/clinicpetfood.com\/"},{"@type":"ListItem","position":2,"name":"Products","item":"http:\/\/clinicpetfood.com\/de\/shop\/"},{"@type":"ListItem","position":3,"name":"GastroDigestive kip 2,5 kg"}]},{"@type":"WebSite","@id":"https:\/\/clinicpetfood.com\/#website","url":"https:\/\/clinicpetfood.com\/","name":"CLiNiC","description":"Klinik Tier\u00e4rztliche Ern\u00e4hrung","publisher":{"@id":"https:\/\/clinicpetfood.com\/#organization"},"potentialAction":[{"@type":"SearchAction","target":{"@type":"EntryPoint","urlTemplate":"https:\/\/clinicpetfood.com\/?s={search_term_string}"},"query-input":{"@type":"PropertyValueSpecification","valueRequired":true,"valueName":"search_term_string"}}],"inLanguage":"de"},{"@type":"Organization","@id":"https:\/\/clinicpetfood.com\/#organization","name":"CLiNiC","url":"https:\/\/clinicpetfood.com\/","logo":{"@type":"ImageObject","inLanguage":"de","@id":"https:\/\/clinicpetfood.com\/#\/schema\/logo\/image\/","url":"https:\/\/clinicpetfood.com\/wp-content\/uploads\/2022\/09\/Logo-Clinic-puppy.png","contentUrl":"https:\/\/clinicpetfood.com\/wp-content\/uploads\/2022\/09\/Logo-Clinic-puppy.png","width":3442,"height":982,"caption":"CLiNiC"},"image":{"@id":"https:\/\/clinicpetfood.com\/#\/schema\/logo\/image\/"}}]}},"_links":{"self":[{"href":"https:\/\/clinicpetfood.com\/de\/wp-json\/wp\/v2\/product\/2208","targetHints":{"allow":["GET"]}}],"collection":[{"href":"https:\/\/clinicpetfood.com\/de\/wp-json\/wp\/v2\/product"}],"about":[{"href":"https:\/\/clinicpetfood.com\/de\/wp-json\/wp\/v2\/types\/product"}],"replies":[{"embeddable":true,"href":"https:\/\/clinicpetfood.com\/de\/wp-json\/wp\/v2\/comments?post=2208"}],"version-history":[{"count":6,"href":"https:\/\/clinicpetfood.com\/de\/wp-json\/wp\/v2\/product\/2208\/revisions"}],"predecessor-version":[{"id":3398,"href":"https:\/\/clinicpetfood.com\/de\/wp-json\/wp\/v2\/product\/2208\/revisions\/3398"}],"wp:featuredmedia":[{"embeddable":true,"href":"https:\/\/clinicpetfood.com\/de\/wp-json\/wp\/v2\/media\/6317"}],"wp:attachment":[{"href":"https:\/\/clinicpetfood.com\/de\/wp-json\/wp\/v2\/media?parent=2208"}],"wp:term":[{"taxonomy":"product_brand","embeddable":true,"href":"https:\/\/clinicpetfood.com\/de\/wp-json\/wp\/v2\/product_brand?post=2208"},{"taxonomy":"product_cat","embeddable":true,"href":"https:\/\/clinicpetfood.com\/de\/wp-json\/wp\/v2\/product_cat?post=2208"},{"taxonomy":"product_tag","embeddable":true,"href":"https:\/\/clinicpetfood.com\/de\/wp-json\/wp\/v2\/product_tag?post=2208"}],"curies":[{"name":"wp","href":"https:\/\/api.w.org\/{rel}","templated":true}]}}