{"id":2251,"date":"2024-03-01T20:44:34","date_gmt":"2024-03-01T20:44:34","guid":{"rendered":"https:\/\/www.clinicpetfood.com\/?post_type=product&#038;p=2251"},"modified":"2025-04-09T14:18:49","modified_gmt":"2025-04-09T14:18:49","slug":"clinic-vd-multi-diet-snack-gehydrolyseerde-zalm-150g","status":"publish","type":"product","link":"https:\/\/clinicpetfood.com\/de\/produkt\/clinic-vd-multi-diet-snack-gehydrolyseerde-zalm-150g\/","title":{"rendered":"Multi-Di\u00e4t-Snack Hydrolysierter Lachs 150g"},"content":{"rendered":"<p>CLiNiC Multi Diet Treat ist eine verantwortungsvolle Belohnung oder ein Snack zu jeder Tageszeit. Die Snacks wurden speziell entwickelt, um die Wirkung von Di\u00e4tfuttermitteln zu unterst\u00fctzen und die Ern\u00e4hrung Ihres Hundes nicht zu beeintr\u00e4chtigen. Au\u00dferdem k\u00f6nnen die Snacks bedenkenlos an Hunde ohne spezielle Di\u00e4t gegeben werden.<\/p>","protected":false},"excerpt":{"rendered":"<p>Ihr Hund wird mit diesen k\u00f6stlichen hypoallergenen Snacks mit Lachs rundum zufrieden sein. Zumal er sich keine Sorgen machen muss, wenn er an einem der unten aufgef\u00fchrten Probleme leidet.<\/p>\n<ul>\n<li>Haut und Fell<\/li>\n<li>Auszug<\/li>\n<li>Nahrungsmittelallergie<\/li>\n<li>Nahrungsmittelunvertr\u00e4glichkeit<\/li>\n<\/ul>","protected":false},"featured_media":6322,"comment_status":"open","ping_status":"closed","template":"","meta":{"site-sidebar-layout":"default","site-content-layout":"","ast-site-content-layout":"default","site-content-style":"default","site-sidebar-style":"default","ast-global-header-display":"","ast-banner-title-visibility":"","ast-main-header-display":"","ast-hfb-above-header-display":"","ast-hfb-below-header-display":"","ast-hfb-mobile-header-display":"","site-post-title":"","ast-breadcrumbs-content":"","ast-featured-img":"","footer-sml-layout":"","theme-transparent-header-meta":"default","adv-header-id-meta":"","stick-header-meta":"","header-above-stick-meta":"","header-main-stick-meta":"","header-below-stick-meta":"","astra-migrate-meta-layouts":"set","ast-page-background-enabled":"default","ast-page-background-meta":{"desktop":{"background-color":"var(--ast-global-color-4)","background-image":"","background-repeat":"repeat","background-position":"center center","background-size":"auto","background-attachment":"scroll","background-type":"","background-media":"","overlay-type":"","overlay-color":"","overlay-opacity":"","overlay-gradient":""},"tablet":{"background-color":"","background-image":"","background-repeat":"repeat","background-position":"center center","background-size":"auto","background-attachment":"scroll","background-type":"","background-media":"","overlay-type":"","overlay-color":"","overlay-opacity":"","overlay-gradient":""},"mobile":{"background-color":"","background-image":"","background-repeat":"repeat","background-position":"center center","background-size":"auto","background-attachment":"scroll","background-type":"","background-media":"","overlay-type":"","overlay-color":"","overlay-opacity":"","overlay-gradient":""}},"ast-content-background-meta":{"desktop":{"background-color":"var(--ast-global-color-5)","background-image":"","background-repeat":"repeat","background-position":"center center","background-size":"auto","background-attachment":"scroll","background-type":"","background-media":"","overlay-type":"","overlay-color":"","overlay-opacity":"","overlay-gradient":""},"tablet":{"background-color":"var(--ast-global-color-5)","background-image":"","background-repeat":"repeat","background-position":"center center","background-size":"auto","background-attachment":"scroll","background-type":"","background-media":"","overlay-type":"","overlay-color":"","overlay-opacity":"","overlay-gradient":""},"mobile":{"background-color":"var(--ast-global-color-5)","background-image":"","background-repeat":"repeat","background-position":"center center","background-size":"auto","background-attachment":"scroll","background-type":"","background-media":"","overlay-type":"","overlay-color":"","overlay-opacity":"","overlay-gradient":""}}},"product_brand":[],"product_cat":[15],"product_tag":[],"class_list":{"0":"post-2251","1":"product","2":"type-product","3":"status-publish","4":"has-post-thumbnail","6":"product_cat-geen-categorie","7":"desktop-align-left","8":"tablet-align-left","9":"mobile-align-left","11":"first","12":"instock","13":"shipping-taxable","14":"purchasable","15":"product-type-simple"},"yoast_head":"<!-- This site is optimized with the Yoast SEO plugin v27.2 - https:\/\/yoast.com\/product\/yoast-seo-wordpress\/ -->\n<title>Multi Diet Snack Gehydrolyseerde Zalm 150g - CLiNiC<\/title>\n<meta name=\"robots\" content=\"index, follow, max-snippet:-1, max-image-preview:large, max-video-preview:-1\" \/>\n<link rel=\"canonical\" href=\"https:\/\/clinicpetfood.com\/de\/produkt\/clinic-vd-multi-diet-snack-gehydrolyseerde-zalm-150g\/\" \/>\n<meta property=\"og:locale\" content=\"de_DE\" \/>\n<meta property=\"og:type\" content=\"article\" \/>\n<meta property=\"og:title\" content=\"Multi Diet Snack Gehydrolyseerde Zalm 150g - CLiNiC\" \/>\n<meta property=\"og:description\" content=\"Je hond wordt helemaal blij van deze heerlijke hypoallergene snacks met zalm. Helemaal omdat hij zich geen zorgen te hoeft maken als hij last heeft van een van de onderstaande problemen.   Huid en vacht  Spijsvertering  Voedselallergie  Voedselintolerantie\" \/>\n<meta property=\"og:url\" content=\"https:\/\/clinicpetfood.com\/de\/produkt\/clinic-vd-multi-diet-snack-gehydrolyseerde-zalm-150g\/\" \/>\n<meta property=\"og:site_name\" content=\"CLiNiC\" \/>\n<meta property=\"article:modified_time\" content=\"2025-04-09T14:18:49+00:00\" \/>\n<meta property=\"og:image\" content=\"https:\/\/clinicpetfood.com\/wp-content\/uploads\/2024\/09\/Clinic-Multi-diet-snack-hond-1000x1000-1.jpg\" \/>\n\t<meta property=\"og:image:width\" content=\"1000\" \/>\n\t<meta property=\"og:image:height\" content=\"1000\" \/>\n\t<meta property=\"og:image:type\" content=\"image\/jpeg\" \/>\n<meta name=\"twitter:card\" content=\"summary_large_image\" \/>\n<meta name=\"twitter:label1\" content=\"Gesch\u00e4tzte Lesezeit\" \/>\n\t<meta name=\"twitter:data1\" content=\"1\u00a0Minute\" \/>\n<script type=\"application\/ld+json\" class=\"yoast-schema-graph\">{\"@context\":\"https:\/\/schema.org\",\"@graph\":[{\"@type\":\"WebPage\",\"@id\":\"https:\/\/clinicpetfood.com\/product\/clinic-vd-multi-diet-snack-gehydrolyseerde-zalm-150g\/\",\"url\":\"https:\/\/clinicpetfood.com\/product\/clinic-vd-multi-diet-snack-gehydrolyseerde-zalm-150g\/\",\"name\":\"Multi Diet Snack Gehydrolyseerde Zalm 150g - CLiNiC\",\"isPartOf\":{\"@id\":\"https:\/\/clinicpetfood.com\/#website\"},\"primaryImageOfPage\":{\"@id\":\"https:\/\/clinicpetfood.com\/product\/clinic-vd-multi-diet-snack-gehydrolyseerde-zalm-150g\/#primaryimage\"},\"image\":{\"@id\":\"https:\/\/clinicpetfood.com\/product\/clinic-vd-multi-diet-snack-gehydrolyseerde-zalm-150g\/#primaryimage\"},\"thumbnailUrl\":\"https:\/\/clinicpetfood.com\/wp-content\/uploads\/2024\/09\/Clinic-Multi-diet-snack-hond-1000x1000-1.jpg\",\"datePublished\":\"2024-03-01T20:44:34+00:00\",\"dateModified\":\"2025-04-09T14:18:49+00:00\",\"breadcrumb\":{\"@id\":\"https:\/\/clinicpetfood.com\/product\/clinic-vd-multi-diet-snack-gehydrolyseerde-zalm-150g\/#breadcrumb\"},\"inLanguage\":\"de\",\"potentialAction\":[{\"@type\":\"ReadAction\",\"target\":[\"https:\/\/clinicpetfood.com\/product\/clinic-vd-multi-diet-snack-gehydrolyseerde-zalm-150g\/\"]}]},{\"@type\":\"ImageObject\",\"inLanguage\":\"de\",\"@id\":\"https:\/\/clinicpetfood.com\/product\/clinic-vd-multi-diet-snack-gehydrolyseerde-zalm-150g\/#primaryimage\",\"url\":\"https:\/\/clinicpetfood.com\/wp-content\/uploads\/2024\/09\/Clinic-Multi-diet-snack-hond-1000x1000-1.jpg\",\"contentUrl\":\"https:\/\/clinicpetfood.com\/wp-content\/uploads\/2024\/09\/Clinic-Multi-diet-snack-hond-1000x1000-1.jpg\",\"width\":1000,\"height\":1000},{\"@type\":\"BreadcrumbList\",\"@id\":\"https:\/\/clinicpetfood.com\/product\/clinic-vd-multi-diet-snack-gehydrolyseerde-zalm-150g\/#breadcrumb\",\"itemListElement\":[{\"@type\":\"ListItem\",\"position\":1,\"name\":\"Home\",\"item\":\"https:\/\/clinicpetfood.com\/\"},{\"@type\":\"ListItem\",\"position\":2,\"name\":\"Products\",\"item\":\"http:\/\/clinicpetfood.com\/de\/shop\/\"},{\"@type\":\"ListItem\",\"position\":3,\"name\":\"Multi Diet Snack Gehydrolyseerde Zalm 150g\"}]},{\"@type\":\"WebSite\",\"@id\":\"https:\/\/clinicpetfood.com\/#website\",\"url\":\"https:\/\/clinicpetfood.com\/\",\"name\":\"CLiNiC\",\"description\":\"Clinic Veterinary Diet\",\"publisher\":{\"@id\":\"https:\/\/clinicpetfood.com\/#organization\"},\"potentialAction\":[{\"@type\":\"SearchAction\",\"target\":{\"@type\":\"EntryPoint\",\"urlTemplate\":\"https:\/\/clinicpetfood.com\/?s={search_term_string}\"},\"query-input\":{\"@type\":\"PropertyValueSpecification\",\"valueRequired\":true,\"valueName\":\"search_term_string\"}}],\"inLanguage\":\"de\"},{\"@type\":\"Organization\",\"@id\":\"https:\/\/clinicpetfood.com\/#organization\",\"name\":\"CLiNiC\",\"url\":\"https:\/\/clinicpetfood.com\/\",\"logo\":{\"@type\":\"ImageObject\",\"inLanguage\":\"de\",\"@id\":\"https:\/\/clinicpetfood.com\/#\/schema\/logo\/image\/\",\"url\":\"https:\/\/clinicpetfood.com\/wp-content\/uploads\/2022\/09\/Logo-Clinic-puppy.png\",\"contentUrl\":\"https:\/\/clinicpetfood.com\/wp-content\/uploads\/2022\/09\/Logo-Clinic-puppy.png\",\"width\":3442,\"height\":982,\"caption\":\"CLiNiC\"},\"image\":{\"@id\":\"https:\/\/clinicpetfood.com\/#\/schema\/logo\/image\/\"}}]}<\/script>\n<!-- \/ Yoast SEO plugin. -->","yoast_head_json":{"title":"Multi Diet Snack Gehydrolyseerde Zalm 150g - CLiNiC","robots":{"index":"index","follow":"follow","max-snippet":"max-snippet:-1","max-image-preview":"max-image-preview:large","max-video-preview":"max-video-preview:-1"},"canonical":"https:\/\/clinicpetfood.com\/de\/produkt\/clinic-vd-multi-diet-snack-gehydrolyseerde-zalm-150g\/","og_locale":"de_DE","og_type":"article","og_title":"Multi Diet Snack Gehydrolyseerde Zalm 150g - CLiNiC","og_description":"Je hond wordt helemaal blij van deze heerlijke hypoallergene snacks met zalm. Helemaal omdat hij zich geen zorgen te hoeft maken als hij last heeft van een van de onderstaande problemen.   Huid en vacht  Spijsvertering  Voedselallergie  Voedselintolerantie","og_url":"https:\/\/clinicpetfood.com\/de\/produkt\/clinic-vd-multi-diet-snack-gehydrolyseerde-zalm-150g\/","og_site_name":"CLiNiC","article_modified_time":"2025-04-09T14:18:49+00:00","og_image":[{"width":1000,"height":1000,"url":"https:\/\/clinicpetfood.com\/wp-content\/uploads\/2024\/09\/Clinic-Multi-diet-snack-hond-1000x1000-1.jpg","type":"image\/jpeg"}],"twitter_card":"summary_large_image","twitter_misc":{"Gesch\u00e4tzte Lesezeit":"1\u00a0Minute"},"schema":{"@context":"https:\/\/schema.org","@graph":[{"@type":"WebPage","@id":"https:\/\/clinicpetfood.com\/product\/clinic-vd-multi-diet-snack-gehydrolyseerde-zalm-150g\/","url":"https:\/\/clinicpetfood.com\/product\/clinic-vd-multi-diet-snack-gehydrolyseerde-zalm-150g\/","name":"Multi Diet Snack Gehydrolyseerde Zalm 150g - CLiNiC","isPartOf":{"@id":"https:\/\/clinicpetfood.com\/#website"},"primaryImageOfPage":{"@id":"https:\/\/clinicpetfood.com\/product\/clinic-vd-multi-diet-snack-gehydrolyseerde-zalm-150g\/#primaryimage"},"image":{"@id":"https:\/\/clinicpetfood.com\/product\/clinic-vd-multi-diet-snack-gehydrolyseerde-zalm-150g\/#primaryimage"},"thumbnailUrl":"https:\/\/clinicpetfood.com\/wp-content\/uploads\/2024\/09\/Clinic-Multi-diet-snack-hond-1000x1000-1.jpg","datePublished":"2024-03-01T20:44:34+00:00","dateModified":"2025-04-09T14:18:49+00:00","breadcrumb":{"@id":"https:\/\/clinicpetfood.com\/product\/clinic-vd-multi-diet-snack-gehydrolyseerde-zalm-150g\/#breadcrumb"},"inLanguage":"de","potentialAction":[{"@type":"ReadAction","target":["https:\/\/clinicpetfood.com\/product\/clinic-vd-multi-diet-snack-gehydrolyseerde-zalm-150g\/"]}]},{"@type":"ImageObject","inLanguage":"de","@id":"https:\/\/clinicpetfood.com\/product\/clinic-vd-multi-diet-snack-gehydrolyseerde-zalm-150g\/#primaryimage","url":"https:\/\/clinicpetfood.com\/wp-content\/uploads\/2024\/09\/Clinic-Multi-diet-snack-hond-1000x1000-1.jpg","contentUrl":"https:\/\/clinicpetfood.com\/wp-content\/uploads\/2024\/09\/Clinic-Multi-diet-snack-hond-1000x1000-1.jpg","width":1000,"height":1000},{"@type":"BreadcrumbList","@id":"https:\/\/clinicpetfood.com\/product\/clinic-vd-multi-diet-snack-gehydrolyseerde-zalm-150g\/#breadcrumb","itemListElement":[{"@type":"ListItem","position":1,"name":"Home","item":"https:\/\/clinicpetfood.com\/"},{"@type":"ListItem","position":2,"name":"Products","item":"http:\/\/clinicpetfood.com\/de\/shop\/"},{"@type":"ListItem","position":3,"name":"Multi Diet Snack Gehydrolyseerde Zalm 150g"}]},{"@type":"WebSite","@id":"https:\/\/clinicpetfood.com\/#website","url":"https:\/\/clinicpetfood.com\/","name":"CLiNiC","description":"Klinik Tier\u00e4rztliche Ern\u00e4hrung","publisher":{"@id":"https:\/\/clinicpetfood.com\/#organization"},"potentialAction":[{"@type":"SearchAction","target":{"@type":"EntryPoint","urlTemplate":"https:\/\/clinicpetfood.com\/?s={search_term_string}"},"query-input":{"@type":"PropertyValueSpecification","valueRequired":true,"valueName":"search_term_string"}}],"inLanguage":"de"},{"@type":"Organization","@id":"https:\/\/clinicpetfood.com\/#organization","name":"CLiNiC","url":"https:\/\/clinicpetfood.com\/","logo":{"@type":"ImageObject","inLanguage":"de","@id":"https:\/\/clinicpetfood.com\/#\/schema\/logo\/image\/","url":"https:\/\/clinicpetfood.com\/wp-content\/uploads\/2022\/09\/Logo-Clinic-puppy.png","contentUrl":"https:\/\/clinicpetfood.com\/wp-content\/uploads\/2022\/09\/Logo-Clinic-puppy.png","width":3442,"height":982,"caption":"CLiNiC"},"image":{"@id":"https:\/\/clinicpetfood.com\/#\/schema\/logo\/image\/"}}]}},"_links":{"self":[{"href":"https:\/\/clinicpetfood.com\/de\/wp-json\/wp\/v2\/product\/2251","targetHints":{"allow":["GET"]}}],"collection":[{"href":"https:\/\/clinicpetfood.com\/de\/wp-json\/wp\/v2\/product"}],"about":[{"href":"https:\/\/clinicpetfood.com\/de\/wp-json\/wp\/v2\/types\/product"}],"replies":[{"embeddable":true,"href":"https:\/\/clinicpetfood.com\/de\/wp-json\/wp\/v2\/comments?post=2251"}],"version-history":[{"count":14,"href":"https:\/\/clinicpetfood.com\/de\/wp-json\/wp\/v2\/product\/2251\/revisions"}],"predecessor-version":[{"id":5433,"href":"https:\/\/clinicpetfood.com\/de\/wp-json\/wp\/v2\/product\/2251\/revisions\/5433"}],"wp:featuredmedia":[{"embeddable":true,"href":"https:\/\/clinicpetfood.com\/de\/wp-json\/wp\/v2\/media\/6322"}],"wp:attachment":[{"href":"https:\/\/clinicpetfood.com\/de\/wp-json\/wp\/v2\/media?parent=2251"}],"wp:term":[{"taxonomy":"product_brand","embeddable":true,"href":"https:\/\/clinicpetfood.com\/de\/wp-json\/wp\/v2\/product_brand?post=2251"},{"taxonomy":"product_cat","embeddable":true,"href":"https:\/\/clinicpetfood.com\/de\/wp-json\/wp\/v2\/product_cat?post=2251"},{"taxonomy":"product_tag","embeddable":true,"href":"https:\/\/clinicpetfood.com\/de\/wp-json\/wp\/v2\/product_tag?post=2251"}],"curies":[{"name":"wp","href":"https:\/\/api.w.org\/{rel}","templated":true}]}}