{"id":2249,"date":"2024-03-01T20:44:32","date_gmt":"2024-03-01T20:44:32","guid":{"rendered":"https:\/\/www.clinicpetfood.com\/?post_type=product&#038;p=2249"},"modified":"2025-04-09T14:19:07","modified_gmt":"2025-04-09T14:19:07","slug":"clinic-vd-urinary-rund-100g","status":"publish","type":"product","link":"https:\/\/clinicpetfood.com\/fr\/produit\/clinic-vd-urinary-rund-100g\/","title":{"rendered":"Urinary Beef 100g 12 pi\u00e8ces (10 + 2 gratuites)"},"content":{"rendered":"<p>Pour le traitement nutritionnel des chats souffrant d'une maladie des voies urinaires inf\u00e9rieures li\u00e9e \u00e0 la cystite (FLUTD). Les calculs v\u00e9sicaux sont de petits cristaux qui se forment dans les voies urinaires des chats adultes. La concentration en magn\u00e9sium et l'acidit\u00e9 de l'urine influencent notamment la formation de cristaux tr\u00e8s durs appel\u00e9s struvites. Ces cristaux irritent les voies urinaires et peuvent provoquer des inflammations. CLiNiC Urinary est sp\u00e9cialement formul\u00e9 pour r\u00e9duire le risque de formation de nouveaux calculs de struvite chez votre chat et favoriser la r\u00e9paration des voies urinaires.<\/p>\n<ul>\n<li>Faible teneur en magn\u00e9sium &gt; r\u00e9duit le risque de formation de calculs<\/li>\n<li>Propri\u00e9t\u00e9s acidifiantes de l'urine &gt; aide \u00e0 pr\u00e9venir la formation de struvite<\/li>\n<li>pH urinaire de 6,0 \u00e0 6,4 &gt; emp\u00eache la formation et favorise la dissolution des cristaux de struvite et d'oxalate de calcium existants.<\/li>\n<\/ul>","protected":false},"excerpt":{"rendered":"<p>pour les chats atteints de cystite<\/p>\n<p style=\"font-weight: 400;\">Votre chat sera totalement satisfait de cette p\u00e2t\u00e9e savoureuse, car elle assure la dissolution des calculs de struvite existants et emp\u00eache la formation de nouveaux calculs. Peut \u00eatre utilis\u00e9 comme compl\u00e9ment ou comme repas complet pour les chats difficiles. Disponible dans les saveurs de b\u0153uf et de poulet afin que vous puissiez varier \u00e0 votre guise pour votre chat.<\/p>\n<p>&nbsp;<\/p>","protected":false},"featured_media":6494,"comment_status":"open","ping_status":"closed","template":"","meta":{"site-sidebar-layout":"default","site-content-layout":"","ast-site-content-layout":"default","site-content-style":"default","site-sidebar-style":"default","ast-global-header-display":"","ast-banner-title-visibility":"","ast-main-header-display":"","ast-hfb-above-header-display":"","ast-hfb-below-header-display":"","ast-hfb-mobile-header-display":"","site-post-title":"","ast-breadcrumbs-content":"","ast-featured-img":"","footer-sml-layout":"","theme-transparent-header-meta":"default","adv-header-id-meta":"","stick-header-meta":"","header-above-stick-meta":"","header-main-stick-meta":"","header-below-stick-meta":"","astra-migrate-meta-layouts":"set","ast-page-background-enabled":"default","ast-page-background-meta":{"desktop":{"background-color":"var(--ast-global-color-4)","background-image":"","background-repeat":"repeat","background-position":"center center","background-size":"auto","background-attachment":"scroll","background-type":"","background-media":"","overlay-type":"","overlay-color":"","overlay-opacity":"","overlay-gradient":""},"tablet":{"background-color":"","background-image":"","background-repeat":"repeat","background-position":"center center","background-size":"auto","background-attachment":"scroll","background-type":"","background-media":"","overlay-type":"","overlay-color":"","overlay-opacity":"","overlay-gradient":""},"mobile":{"background-color":"","background-image":"","background-repeat":"repeat","background-position":"center center","background-size":"auto","background-attachment":"scroll","background-type":"","background-media":"","overlay-type":"","overlay-color":"","overlay-opacity":"","overlay-gradient":""}},"ast-content-background-meta":{"desktop":{"background-color":"var(--ast-global-color-5)","background-image":"","background-repeat":"repeat","background-position":"center center","background-size":"auto","background-attachment":"scroll","background-type":"","background-media":"","overlay-type":"","overlay-color":"","overlay-opacity":"","overlay-gradient":""},"tablet":{"background-color":"var(--ast-global-color-5)","background-image":"","background-repeat":"repeat","background-position":"center center","background-size":"auto","background-attachment":"scroll","background-type":"","background-media":"","overlay-type":"","overlay-color":"","overlay-opacity":"","overlay-gradient":""},"mobile":{"background-color":"var(--ast-global-color-5)","background-image":"","background-repeat":"repeat","background-position":"center center","background-size":"auto","background-attachment":"scroll","background-type":"","background-media":"","overlay-type":"","overlay-color":"","overlay-opacity":"","overlay-gradient":""}}},"product_brand":[],"product_cat":[33],"product_tag":[],"class_list":{"0":"post-2249","1":"product","2":"type-product","3":"status-publish","4":"has-post-thumbnail","6":"product_cat-kat","7":"desktop-align-left","8":"tablet-align-left","9":"mobile-align-left","11":"first","12":"instock","13":"shipping-taxable","14":"purchasable","15":"product-type-simple"},"yoast_head":"<!-- This site is optimized with the Yoast SEO plugin v27.6 - https:\/\/yoast.com\/product\/yoast-seo-wordpress\/ -->\n<title>Urinary Rund 100g 12 stuks (10 + 2 gratis) - CLiNiC<\/title>\n<meta name=\"robots\" content=\"index, follow, max-snippet:-1, max-image-preview:large, max-video-preview:-1\" \/>\n<link rel=\"canonical\" href=\"https:\/\/clinicpetfood.com\/fr\/produit\/clinic-vd-urinary-rund-100g\/\" \/>\n<meta property=\"og:locale\" content=\"fr_FR\" \/>\n<meta property=\"og:type\" content=\"article\" \/>\n<meta property=\"og:title\" content=\"Urinary Rund 100g 12 stuks (10 + 2 gratis) - CLiNiC\" \/>\n<meta property=\"og:description\" content=\"voor katten met blaasgruis Je kat wordt helemaal blij van deze smaakvolle pat\u00e9 omdat deze ervoor zorgt dat bestaande struvietstenen oplossen en dat nieuwe zich niet gaan vormen. Kan als aanvulling of als complete maaltijd voor de moeilijke eter worden toegepast. Verkrijgbaar in de smaken rund en kip zodat je kan vari\u00ebren als je dat fijn vindt voor je kat. &nbsp;\" \/>\n<meta property=\"og:url\" content=\"https:\/\/clinicpetfood.com\/fr\/produit\/clinic-vd-urinary-rund-100g\/\" \/>\n<meta property=\"og:site_name\" content=\"CLiNiC\" \/>\n<meta property=\"article:modified_time\" content=\"2025-04-09T14:19:07+00:00\" \/>\n<meta property=\"og:image\" content=\"https:\/\/clinicpetfood.com\/wp-content\/uploads\/2024\/03\/Clinic-cat-100g-Urinary-beef-1000x1000-1.jpg\" \/>\n\t<meta property=\"og:image:width\" content=\"1000\" \/>\n\t<meta property=\"og:image:height\" content=\"1000\" \/>\n\t<meta property=\"og:image:type\" content=\"image\/jpeg\" \/>\n<meta name=\"twitter:card\" content=\"summary_large_image\" \/>\n<meta name=\"twitter:label1\" content=\"Dur\u00e9e de lecture estim\u00e9e\" \/>\n\t<meta name=\"twitter:data1\" content=\"1 minute\" \/>\n<script type=\"application\/ld+json\" class=\"yoast-schema-graph\">{\"@context\":\"https:\\\/\\\/schema.org\",\"@graph\":[{\"@type\":\"WebPage\",\"@id\":\"https:\\\/\\\/clinicpetfood.com\\\/product\\\/clinic-vd-urinary-rund-100g\\\/\",\"url\":\"https:\\\/\\\/clinicpetfood.com\\\/product\\\/clinic-vd-urinary-rund-100g\\\/\",\"name\":\"Urinary Rund 100g 12 stuks (10 + 2 gratis) - CLiNiC\",\"isPartOf\":{\"@id\":\"https:\\\/\\\/clinicpetfood.com\\\/#website\"},\"primaryImageOfPage\":{\"@id\":\"https:\\\/\\\/clinicpetfood.com\\\/product\\\/clinic-vd-urinary-rund-100g\\\/#primaryimage\"},\"image\":{\"@id\":\"https:\\\/\\\/clinicpetfood.com\\\/product\\\/clinic-vd-urinary-rund-100g\\\/#primaryimage\"},\"thumbnailUrl\":\"https:\\\/\\\/clinicpetfood.com\\\/wp-content\\\/uploads\\\/2024\\\/03\\\/Clinic-cat-100g-Urinary-beef-1000x1000-1.jpg\",\"datePublished\":\"2024-03-01T20:44:32+00:00\",\"dateModified\":\"2025-04-09T14:19:07+00:00\",\"breadcrumb\":{\"@id\":\"https:\\\/\\\/clinicpetfood.com\\\/product\\\/clinic-vd-urinary-rund-100g\\\/#breadcrumb\"},\"inLanguage\":\"fr-FR\",\"potentialAction\":[{\"@type\":\"ReadAction\",\"target\":[\"https:\\\/\\\/clinicpetfood.com\\\/product\\\/clinic-vd-urinary-rund-100g\\\/\"]}]},{\"@type\":\"ImageObject\",\"inLanguage\":\"fr-FR\",\"@id\":\"https:\\\/\\\/clinicpetfood.com\\\/product\\\/clinic-vd-urinary-rund-100g\\\/#primaryimage\",\"url\":\"https:\\\/\\\/clinicpetfood.com\\\/wp-content\\\/uploads\\\/2024\\\/03\\\/Clinic-cat-100g-Urinary-beef-1000x1000-1.jpg\",\"contentUrl\":\"https:\\\/\\\/clinicpetfood.com\\\/wp-content\\\/uploads\\\/2024\\\/03\\\/Clinic-cat-100g-Urinary-beef-1000x1000-1.jpg\",\"width\":1000,\"height\":1000},{\"@type\":\"BreadcrumbList\",\"@id\":\"https:\\\/\\\/clinicpetfood.com\\\/product\\\/clinic-vd-urinary-rund-100g\\\/#breadcrumb\",\"itemListElement\":[{\"@type\":\"ListItem\",\"position\":1,\"name\":\"Home\",\"item\":\"https:\\\/\\\/clinicpetfood.com\\\/\"},{\"@type\":\"ListItem\",\"position\":2,\"name\":\"Products\",\"item\":\"http:\\\/\\\/clinicpetfood.com\\\/de\\\/shop\\\/\"},{\"@type\":\"ListItem\",\"position\":3,\"name\":\"Urinary Rund 100g 12 stuks (10 + 2 gratis)\"}]},{\"@type\":\"WebSite\",\"@id\":\"https:\\\/\\\/clinicpetfood.com\\\/#website\",\"url\":\"https:\\\/\\\/clinicpetfood.com\\\/\",\"name\":\"CLiNiC\",\"description\":\"Clinic Veterinary Diet\",\"publisher\":{\"@id\":\"https:\\\/\\\/clinicpetfood.com\\\/#organization\"},\"potentialAction\":[{\"@type\":\"SearchAction\",\"target\":{\"@type\":\"EntryPoint\",\"urlTemplate\":\"https:\\\/\\\/clinicpetfood.com\\\/?s={search_term_string}\"},\"query-input\":{\"@type\":\"PropertyValueSpecification\",\"valueRequired\":true,\"valueName\":\"search_term_string\"}}],\"inLanguage\":\"fr-FR\"},{\"@type\":\"Organization\",\"@id\":\"https:\\\/\\\/clinicpetfood.com\\\/#organization\",\"name\":\"CLiNiC\",\"url\":\"https:\\\/\\\/clinicpetfood.com\\\/\",\"logo\":{\"@type\":\"ImageObject\",\"inLanguage\":\"fr-FR\",\"@id\":\"https:\\\/\\\/clinicpetfood.com\\\/#\\\/schema\\\/logo\\\/image\\\/\",\"url\":\"https:\\\/\\\/clinicpetfood.com\\\/wp-content\\\/uploads\\\/2022\\\/09\\\/Logo-Clinic-puppy.png\",\"contentUrl\":\"https:\\\/\\\/clinicpetfood.com\\\/wp-content\\\/uploads\\\/2022\\\/09\\\/Logo-Clinic-puppy.png\",\"width\":3442,\"height\":982,\"caption\":\"CLiNiC\"},\"image\":{\"@id\":\"https:\\\/\\\/clinicpetfood.com\\\/#\\\/schema\\\/logo\\\/image\\\/\"}}]}<\/script>\n<!-- \/ Yoast SEO plugin. -->","yoast_head_json":{"title":"Urinary Rund 100g 12 stuks (10 + 2 gratis) - CLiNiC","robots":{"index":"index","follow":"follow","max-snippet":"max-snippet:-1","max-image-preview":"max-image-preview:large","max-video-preview":"max-video-preview:-1"},"canonical":"https:\/\/clinicpetfood.com\/fr\/produit\/clinic-vd-urinary-rund-100g\/","og_locale":"fr_FR","og_type":"article","og_title":"Urinary Rund 100g 12 stuks (10 + 2 gratis) - CLiNiC","og_description":"voor katten met blaasgruis Je kat wordt helemaal blij van deze smaakvolle pat\u00e9 omdat deze ervoor zorgt dat bestaande struvietstenen oplossen en dat nieuwe zich niet gaan vormen. Kan als aanvulling of als complete maaltijd voor de moeilijke eter worden toegepast. Verkrijgbaar in de smaken rund en kip zodat je kan vari\u00ebren als je dat fijn vindt voor je kat. &nbsp;","og_url":"https:\/\/clinicpetfood.com\/fr\/produit\/clinic-vd-urinary-rund-100g\/","og_site_name":"CLiNiC","article_modified_time":"2025-04-09T14:19:07+00:00","og_image":[{"width":1000,"height":1000,"url":"https:\/\/clinicpetfood.com\/wp-content\/uploads\/2024\/03\/Clinic-cat-100g-Urinary-beef-1000x1000-1.jpg","type":"image\/jpeg"}],"twitter_card":"summary_large_image","twitter_misc":{"Dur\u00e9e de lecture estim\u00e9e":"1 minute"},"schema":{"@context":"https:\/\/schema.org","@graph":[{"@type":"WebPage","@id":"https:\/\/clinicpetfood.com\/product\/clinic-vd-urinary-rund-100g\/","url":"https:\/\/clinicpetfood.com\/product\/clinic-vd-urinary-rund-100g\/","name":"Urinary Rund 100g 12 stuks (10 + 2 gratis) - CLiNiC","isPartOf":{"@id":"https:\/\/clinicpetfood.com\/#website"},"primaryImageOfPage":{"@id":"https:\/\/clinicpetfood.com\/product\/clinic-vd-urinary-rund-100g\/#primaryimage"},"image":{"@id":"https:\/\/clinicpetfood.com\/product\/clinic-vd-urinary-rund-100g\/#primaryimage"},"thumbnailUrl":"https:\/\/clinicpetfood.com\/wp-content\/uploads\/2024\/03\/Clinic-cat-100g-Urinary-beef-1000x1000-1.jpg","datePublished":"2024-03-01T20:44:32+00:00","dateModified":"2025-04-09T14:19:07+00:00","breadcrumb":{"@id":"https:\/\/clinicpetfood.com\/product\/clinic-vd-urinary-rund-100g\/#breadcrumb"},"inLanguage":"fr-FR","potentialAction":[{"@type":"ReadAction","target":["https:\/\/clinicpetfood.com\/product\/clinic-vd-urinary-rund-100g\/"]}]},{"@type":"ImageObject","inLanguage":"fr-FR","@id":"https:\/\/clinicpetfood.com\/product\/clinic-vd-urinary-rund-100g\/#primaryimage","url":"https:\/\/clinicpetfood.com\/wp-content\/uploads\/2024\/03\/Clinic-cat-100g-Urinary-beef-1000x1000-1.jpg","contentUrl":"https:\/\/clinicpetfood.com\/wp-content\/uploads\/2024\/03\/Clinic-cat-100g-Urinary-beef-1000x1000-1.jpg","width":1000,"height":1000},{"@type":"BreadcrumbList","@id":"https:\/\/clinicpetfood.com\/product\/clinic-vd-urinary-rund-100g\/#breadcrumb","itemListElement":[{"@type":"ListItem","position":1,"name":"Home","item":"https:\/\/clinicpetfood.com\/"},{"@type":"ListItem","position":2,"name":"Products","item":"http:\/\/clinicpetfood.com\/de\/shop\/"},{"@type":"ListItem","position":3,"name":"Urinary Rund 100g 12 stuks (10 + 2 gratis)"}]},{"@type":"WebSite","@id":"https:\/\/clinicpetfood.com\/#website","url":"https:\/\/clinicpetfood.com\/","name":"CLiNiC","description":"Clinic Veterinary Diet","publisher":{"@id":"https:\/\/clinicpetfood.com\/#organization"},"potentialAction":[{"@type":"SearchAction","target":{"@type":"EntryPoint","urlTemplate":"https:\/\/clinicpetfood.com\/?s={search_term_string}"},"query-input":{"@type":"PropertyValueSpecification","valueRequired":true,"valueName":"search_term_string"}}],"inLanguage":"fr-FR"},{"@type":"Organization","@id":"https:\/\/clinicpetfood.com\/#organization","name":"CLiNiC","url":"https:\/\/clinicpetfood.com\/","logo":{"@type":"ImageObject","inLanguage":"fr-FR","@id":"https:\/\/clinicpetfood.com\/#\/schema\/logo\/image\/","url":"https:\/\/clinicpetfood.com\/wp-content\/uploads\/2022\/09\/Logo-Clinic-puppy.png","contentUrl":"https:\/\/clinicpetfood.com\/wp-content\/uploads\/2022\/09\/Logo-Clinic-puppy.png","width":3442,"height":982,"caption":"CLiNiC"},"image":{"@id":"https:\/\/clinicpetfood.com\/#\/schema\/logo\/image\/"}}]}},"_links":{"self":[{"href":"https:\/\/clinicpetfood.com\/fr\/wp-json\/wp\/v2\/product\/2249","targetHints":{"allow":["GET"]}}],"collection":[{"href":"https:\/\/clinicpetfood.com\/fr\/wp-json\/wp\/v2\/product"}],"about":[{"href":"https:\/\/clinicpetfood.com\/fr\/wp-json\/wp\/v2\/types\/product"}],"replies":[{"embeddable":true,"href":"https:\/\/clinicpetfood.com\/fr\/wp-json\/wp\/v2\/comments?post=2249"}],"version-history":[{"count":18,"href":"https:\/\/clinicpetfood.com\/fr\/wp-json\/wp\/v2\/product\/2249\/revisions"}],"predecessor-version":[{"id":6371,"href":"https:\/\/clinicpetfood.com\/fr\/wp-json\/wp\/v2\/product\/2249\/revisions\/6371"}],"wp:featuredmedia":[{"embeddable":true,"href":"https:\/\/clinicpetfood.com\/fr\/wp-json\/wp\/v2\/media\/6494"}],"wp:attachment":[{"href":"https:\/\/clinicpetfood.com\/fr\/wp-json\/wp\/v2\/media?parent=2249"}],"wp:term":[{"taxonomy":"product_brand","embeddable":true,"href":"https:\/\/clinicpetfood.com\/fr\/wp-json\/wp\/v2\/product_brand?post=2249"},{"taxonomy":"product_cat","embeddable":true,"href":"https:\/\/clinicpetfood.com\/fr\/wp-json\/wp\/v2\/product_cat?post=2249"},{"taxonomy":"product_tag","embeddable":true,"href":"https:\/\/clinicpetfood.com\/fr\/wp-json\/wp\/v2\/product_tag?post=2249"}],"curies":[{"name":"wp","href":"https:\/\/api.w.org\/{rel}","templated":true}]}}