{"id":5067,"date":"2024-09-26T16:23:47","date_gmt":"2024-09-26T16:23:47","guid":{"rendered":"https:\/\/test.clinicpetfood.com\/?post_type=product&#038;p=5067"},"modified":"2024-12-17T10:16:07","modified_gmt":"2024-12-17T10:16:07","slug":"adult-light","status":"publish","type":"product","link":"https:\/\/clinicpetfood.com\/fr\/produit\/adult-light\/","title":{"rendered":"Lumi\u00e8re pour adultes"},"content":{"rendered":"<p>CLiNiC Adult Light est adapt\u00e9 aux besoins nutritionnels des chiens adultes ayant tendance \u00e0 \u00eatre en surpoids ou ayant des besoins \u00e9nerg\u00e9tiques moindres (moins actifs, \u00e2ge). La combinaison \u00e9quilibr\u00e9e d'ingr\u00e9dients de haute qualit\u00e9 et de nutriments essentiels est sp\u00e9cialement formul\u00e9e pour aider \u00e0 optimiser la condition g\u00e9n\u00e9rale et le bien-\u00eatre de votre chien.<\/p>\n<ul>\n<li>Ajout de MOS et de FOS &gt; Aide \u00e0 soutenir le syst\u00e8me immunitaire<\/li>\n<li>Contient des pr\u00e9biotiques et des fibres naturelles &gt; Favorise une digestion saine et \u00e9quilibr\u00e9e<\/li>\n<li>Teneur \u00e9lev\u00e9e en acides gras om\u00e9ga-3 et 6 &gt; Favorise l'\u00e9tat de la peau et du pelage<\/li>\n<li>L'aliment ne contient pas de gluten de bl\u00e9<\/li>\n<\/ul>","protected":false},"excerpt":{"rendered":"<p>Votre chien sera absolument ravi par ces savoureuses croquettes hypocaloriques \u00e0 base de volaille maigre (canard et poulet) et de fibres naturelles. Elles contiennent \u00e9galement de la L-carnitine, une substance naturelle qui acc\u00e9l\u00e8re la combustion des graisses. Et tout cela est bon car cela permet \u00e0 votre chien de maintenir un poids agr\u00e9able, ce que vous souhaitez.<\/p>\n<p>&nbsp;<\/p>","protected":false},"featured_media":6310,"comment_status":"open","ping_status":"closed","template":"","meta":{"site-sidebar-layout":"default","site-content-layout":"","ast-site-content-layout":"default","site-content-style":"default","site-sidebar-style":"default","ast-global-header-display":"","ast-banner-title-visibility":"","ast-main-header-display":"","ast-hfb-above-header-display":"","ast-hfb-below-header-display":"","ast-hfb-mobile-header-display":"","site-post-title":"","ast-breadcrumbs-content":"","ast-featured-img":"","footer-sml-layout":"","theme-transparent-header-meta":"default","adv-header-id-meta":"","stick-header-meta":"","header-above-stick-meta":"","header-main-stick-meta":"","header-below-stick-meta":"","astra-migrate-meta-layouts":"set","ast-page-background-enabled":"default","ast-page-background-meta":{"desktop":{"background-color":"var(--ast-global-color-4)","background-image":"","background-repeat":"repeat","background-position":"center center","background-size":"auto","background-attachment":"scroll","background-type":"","background-media":"","overlay-type":"","overlay-color":"","overlay-opacity":"","overlay-gradient":""},"tablet":{"background-color":"","background-image":"","background-repeat":"repeat","background-position":"center center","background-size":"auto","background-attachment":"scroll","background-type":"","background-media":"","overlay-type":"","overlay-color":"","overlay-opacity":"","overlay-gradient":""},"mobile":{"background-color":"","background-image":"","background-repeat":"repeat","background-position":"center center","background-size":"auto","background-attachment":"scroll","background-type":"","background-media":"","overlay-type":"","overlay-color":"","overlay-opacity":"","overlay-gradient":""}},"ast-content-background-meta":{"desktop":{"background-color":"var(--ast-global-color-5)","background-image":"","background-repeat":"repeat","background-position":"center center","background-size":"auto","background-attachment":"scroll","background-type":"","background-media":"","overlay-type":"","overlay-color":"","overlay-opacity":"","overlay-gradient":""},"tablet":{"background-color":"var(--ast-global-color-5)","background-image":"","background-repeat":"repeat","background-position":"center center","background-size":"auto","background-attachment":"scroll","background-type":"","background-media":"","overlay-type":"","overlay-color":"","overlay-opacity":"","overlay-gradient":""},"mobile":{"background-color":"var(--ast-global-color-5)","background-image":"","background-repeat":"repeat","background-position":"center center","background-size":"auto","background-attachment":"scroll","background-type":"","background-media":"","overlay-type":"","overlay-color":"","overlay-opacity":"","overlay-gradient":""}}},"product_brand":[],"product_cat":[57],"product_tag":[],"class_list":{"0":"post-5067","1":"product","2":"type-product","3":"status-publish","4":"has-post-thumbnail","6":"product_cat-hond","7":"desktop-align-left","8":"tablet-align-left","9":"mobile-align-left","11":"first","12":"instock","13":"shipping-taxable","14":"purchasable","15":"product-type-variable"},"yoast_head":"<!-- This site is optimized with the Yoast SEO plugin v27.2 - https:\/\/yoast.com\/product\/yoast-seo-wordpress\/ -->\n<title>Adult Light - CLiNiC<\/title>\n<meta name=\"robots\" content=\"index, follow, max-snippet:-1, max-image-preview:large, max-video-preview:-1\" \/>\n<link rel=\"canonical\" href=\"https:\/\/clinicpetfood.com\/fr\/produit\/adult-light\/\" \/>\n<meta property=\"og:locale\" content=\"fr_FR\" \/>\n<meta property=\"og:type\" content=\"article\" \/>\n<meta property=\"og:title\" content=\"Adult Light - CLiNiC\" \/>\n<meta property=\"og:description\" content=\"Je hond wordt helemaal blij van deze smaakvolle caloriearme brokken met mager gevogelte (eend en kip) en natuurlijke vezels. Daarnaast is er L-carnitine toegevoegd, een natuurlijke stof die de vetverbranding versneld. En dit alles is goed, want zo kan je hond lekker op gewicht blijven en dat is wat je graag wilt.  &nbsp;\" \/>\n<meta property=\"og:url\" content=\"https:\/\/clinicpetfood.com\/fr\/produit\/adult-light\/\" \/>\n<meta property=\"og:site_name\" content=\"CLiNiC\" \/>\n<meta property=\"article:modified_time\" content=\"2024-12-17T10:16:07+00:00\" \/>\n<meta property=\"og:image\" content=\"https:\/\/clinicpetfood.com\/wp-content\/uploads\/2024\/09\/Clinic-Daily-diet-adult-light-10kg-1000x1000-1.jpg\" \/>\n\t<meta property=\"og:image:width\" content=\"1000\" \/>\n\t<meta property=\"og:image:height\" content=\"1000\" \/>\n\t<meta property=\"og:image:type\" content=\"image\/jpeg\" \/>\n<meta name=\"twitter:card\" content=\"summary_large_image\" \/>\n<meta name=\"twitter:label1\" content=\"Dur\u00e9e de lecture estim\u00e9e\" \/>\n\t<meta name=\"twitter:data1\" content=\"1 minute\" \/>\n<script type=\"application\/ld+json\" class=\"yoast-schema-graph\">{\"@context\":\"https:\/\/schema.org\",\"@graph\":[{\"@type\":\"WebPage\",\"@id\":\"https:\/\/clinicpetfood.com\/product\/adult-light\/\",\"url\":\"https:\/\/clinicpetfood.com\/product\/adult-light\/\",\"name\":\"Adult Light - CLiNiC\",\"isPartOf\":{\"@id\":\"https:\/\/clinicpetfood.com\/#website\"},\"primaryImageOfPage\":{\"@id\":\"https:\/\/clinicpetfood.com\/product\/adult-light\/#primaryimage\"},\"image\":{\"@id\":\"https:\/\/clinicpetfood.com\/product\/adult-light\/#primaryimage\"},\"thumbnailUrl\":\"https:\/\/clinicpetfood.com\/wp-content\/uploads\/2024\/09\/Clinic-Daily-diet-adult-light-10kg-1000x1000-1.jpg\",\"datePublished\":\"2024-09-26T16:23:47+00:00\",\"dateModified\":\"2024-12-17T10:16:07+00:00\",\"breadcrumb\":{\"@id\":\"https:\/\/clinicpetfood.com\/product\/adult-light\/#breadcrumb\"},\"inLanguage\":\"fr-FR\",\"potentialAction\":[{\"@type\":\"ReadAction\",\"target\":[\"https:\/\/clinicpetfood.com\/product\/adult-light\/\"]}]},{\"@type\":\"ImageObject\",\"inLanguage\":\"fr-FR\",\"@id\":\"https:\/\/clinicpetfood.com\/product\/adult-light\/#primaryimage\",\"url\":\"https:\/\/clinicpetfood.com\/wp-content\/uploads\/2024\/09\/Clinic-Daily-diet-adult-light-10kg-1000x1000-1.jpg\",\"contentUrl\":\"https:\/\/clinicpetfood.com\/wp-content\/uploads\/2024\/09\/Clinic-Daily-diet-adult-light-10kg-1000x1000-1.jpg\",\"width\":1000,\"height\":1000,\"caption\":\"Quad seal bag with vertical gussets. Frontal and perpective view. High realistic detail. Ready for your design. Suite for the presentation of coffee, food, for pets, household, etc. EPS10.\"},{\"@type\":\"BreadcrumbList\",\"@id\":\"https:\/\/clinicpetfood.com\/product\/adult-light\/#breadcrumb\",\"itemListElement\":[{\"@type\":\"ListItem\",\"position\":1,\"name\":\"Home\",\"item\":\"https:\/\/clinicpetfood.com\/\"},{\"@type\":\"ListItem\",\"position\":2,\"name\":\"Products\",\"item\":\"http:\/\/clinicpetfood.com\/de\/shop\/\"},{\"@type\":\"ListItem\",\"position\":3,\"name\":\"Adult Light\"}]},{\"@type\":\"WebSite\",\"@id\":\"https:\/\/clinicpetfood.com\/#website\",\"url\":\"https:\/\/clinicpetfood.com\/\",\"name\":\"CLiNiC\",\"description\":\"Clinic Veterinary Diet\",\"publisher\":{\"@id\":\"https:\/\/clinicpetfood.com\/#organization\"},\"potentialAction\":[{\"@type\":\"SearchAction\",\"target\":{\"@type\":\"EntryPoint\",\"urlTemplate\":\"https:\/\/clinicpetfood.com\/?s={search_term_string}\"},\"query-input\":{\"@type\":\"PropertyValueSpecification\",\"valueRequired\":true,\"valueName\":\"search_term_string\"}}],\"inLanguage\":\"fr-FR\"},{\"@type\":\"Organization\",\"@id\":\"https:\/\/clinicpetfood.com\/#organization\",\"name\":\"CLiNiC\",\"url\":\"https:\/\/clinicpetfood.com\/\",\"logo\":{\"@type\":\"ImageObject\",\"inLanguage\":\"fr-FR\",\"@id\":\"https:\/\/clinicpetfood.com\/#\/schema\/logo\/image\/\",\"url\":\"https:\/\/clinicpetfood.com\/wp-content\/uploads\/2022\/09\/Logo-Clinic-puppy.png\",\"contentUrl\":\"https:\/\/clinicpetfood.com\/wp-content\/uploads\/2022\/09\/Logo-Clinic-puppy.png\",\"width\":3442,\"height\":982,\"caption\":\"CLiNiC\"},\"image\":{\"@id\":\"https:\/\/clinicpetfood.com\/#\/schema\/logo\/image\/\"}}]}<\/script>\n<!-- \/ Yoast SEO plugin. -->","yoast_head_json":{"title":"Adult Light - CLiNiC","robots":{"index":"index","follow":"follow","max-snippet":"max-snippet:-1","max-image-preview":"max-image-preview:large","max-video-preview":"max-video-preview:-1"},"canonical":"https:\/\/clinicpetfood.com\/fr\/produit\/adult-light\/","og_locale":"fr_FR","og_type":"article","og_title":"Adult Light - CLiNiC","og_description":"Je hond wordt helemaal blij van deze smaakvolle caloriearme brokken met mager gevogelte (eend en kip) en natuurlijke vezels. Daarnaast is er L-carnitine toegevoegd, een natuurlijke stof die de vetverbranding versneld. En dit alles is goed, want zo kan je hond lekker op gewicht blijven en dat is wat je graag wilt.  &nbsp;","og_url":"https:\/\/clinicpetfood.com\/fr\/produit\/adult-light\/","og_site_name":"CLiNiC","article_modified_time":"2024-12-17T10:16:07+00:00","og_image":[{"width":1000,"height":1000,"url":"https:\/\/clinicpetfood.com\/wp-content\/uploads\/2024\/09\/Clinic-Daily-diet-adult-light-10kg-1000x1000-1.jpg","type":"image\/jpeg"}],"twitter_card":"summary_large_image","twitter_misc":{"Dur\u00e9e de lecture estim\u00e9e":"1 minute"},"schema":{"@context":"https:\/\/schema.org","@graph":[{"@type":"WebPage","@id":"https:\/\/clinicpetfood.com\/product\/adult-light\/","url":"https:\/\/clinicpetfood.com\/product\/adult-light\/","name":"Adult Light - CLiNiC","isPartOf":{"@id":"https:\/\/clinicpetfood.com\/#website"},"primaryImageOfPage":{"@id":"https:\/\/clinicpetfood.com\/product\/adult-light\/#primaryimage"},"image":{"@id":"https:\/\/clinicpetfood.com\/product\/adult-light\/#primaryimage"},"thumbnailUrl":"https:\/\/clinicpetfood.com\/wp-content\/uploads\/2024\/09\/Clinic-Daily-diet-adult-light-10kg-1000x1000-1.jpg","datePublished":"2024-09-26T16:23:47+00:00","dateModified":"2024-12-17T10:16:07+00:00","breadcrumb":{"@id":"https:\/\/clinicpetfood.com\/product\/adult-light\/#breadcrumb"},"inLanguage":"fr-FR","potentialAction":[{"@type":"ReadAction","target":["https:\/\/clinicpetfood.com\/product\/adult-light\/"]}]},{"@type":"ImageObject","inLanguage":"fr-FR","@id":"https:\/\/clinicpetfood.com\/product\/adult-light\/#primaryimage","url":"https:\/\/clinicpetfood.com\/wp-content\/uploads\/2024\/09\/Clinic-Daily-diet-adult-light-10kg-1000x1000-1.jpg","contentUrl":"https:\/\/clinicpetfood.com\/wp-content\/uploads\/2024\/09\/Clinic-Daily-diet-adult-light-10kg-1000x1000-1.jpg","width":1000,"height":1000,"caption":"Quad seal bag with vertical gussets. Frontal and perpective view. High realistic detail. Ready for your design. Suite for the presentation of coffee, food, for pets, household, etc. EPS10."},{"@type":"BreadcrumbList","@id":"https:\/\/clinicpetfood.com\/product\/adult-light\/#breadcrumb","itemListElement":[{"@type":"ListItem","position":1,"name":"Home","item":"https:\/\/clinicpetfood.com\/"},{"@type":"ListItem","position":2,"name":"Products","item":"http:\/\/clinicpetfood.com\/de\/shop\/"},{"@type":"ListItem","position":3,"name":"Adult Light"}]},{"@type":"WebSite","@id":"https:\/\/clinicpetfood.com\/#website","url":"https:\/\/clinicpetfood.com\/","name":"CLiNiC","description":"Clinic Veterinary Diet","publisher":{"@id":"https:\/\/clinicpetfood.com\/#organization"},"potentialAction":[{"@type":"SearchAction","target":{"@type":"EntryPoint","urlTemplate":"https:\/\/clinicpetfood.com\/?s={search_term_string}"},"query-input":{"@type":"PropertyValueSpecification","valueRequired":true,"valueName":"search_term_string"}}],"inLanguage":"fr-FR"},{"@type":"Organization","@id":"https:\/\/clinicpetfood.com\/#organization","name":"CLiNiC","url":"https:\/\/clinicpetfood.com\/","logo":{"@type":"ImageObject","inLanguage":"fr-FR","@id":"https:\/\/clinicpetfood.com\/#\/schema\/logo\/image\/","url":"https:\/\/clinicpetfood.com\/wp-content\/uploads\/2022\/09\/Logo-Clinic-puppy.png","contentUrl":"https:\/\/clinicpetfood.com\/wp-content\/uploads\/2022\/09\/Logo-Clinic-puppy.png","width":3442,"height":982,"caption":"CLiNiC"},"image":{"@id":"https:\/\/clinicpetfood.com\/#\/schema\/logo\/image\/"}}]}},"_links":{"self":[{"href":"https:\/\/clinicpetfood.com\/fr\/wp-json\/wp\/v2\/product\/5067","targetHints":{"allow":["GET"]}}],"collection":[{"href":"https:\/\/clinicpetfood.com\/fr\/wp-json\/wp\/v2\/product"}],"about":[{"href":"https:\/\/clinicpetfood.com\/fr\/wp-json\/wp\/v2\/types\/product"}],"replies":[{"embeddable":true,"href":"https:\/\/clinicpetfood.com\/fr\/wp-json\/wp\/v2\/comments?post=5067"}],"version-history":[{"count":7,"href":"https:\/\/clinicpetfood.com\/fr\/wp-json\/wp\/v2\/product\/5067\/revisions"}],"predecessor-version":[{"id":5463,"href":"https:\/\/clinicpetfood.com\/fr\/wp-json\/wp\/v2\/product\/5067\/revisions\/5463"}],"wp:featuredmedia":[{"embeddable":true,"href":"https:\/\/clinicpetfood.com\/fr\/wp-json\/wp\/v2\/media\/6310"}],"wp:attachment":[{"href":"https:\/\/clinicpetfood.com\/fr\/wp-json\/wp\/v2\/media?parent=5067"}],"wp:term":[{"taxonomy":"product_brand","embeddable":true,"href":"https:\/\/clinicpetfood.com\/fr\/wp-json\/wp\/v2\/product_brand?post=5067"},{"taxonomy":"product_cat","embeddable":true,"href":"https:\/\/clinicpetfood.com\/fr\/wp-json\/wp\/v2\/product_cat?post=5067"},{"taxonomy":"product_tag","embeddable":true,"href":"https:\/\/clinicpetfood.com\/fr\/wp-json\/wp\/v2\/product_tag?post=5067"}],"curies":[{"name":"wp","href":"https:\/\/api.w.org\/{rel}","templated":true}]}}