{"id":6422,"date":"2025-01-17T14:12:56","date_gmt":"2025-01-17T14:12:56","guid":{"rendered":"https:\/\/test.clinicpetfood.com\/?post_type=product&#038;p=6422"},"modified":"2025-04-09T14:17:24","modified_gmt":"2025-04-09T14:17:24","slug":"hypoallergenic-stukjes-eend-in-saus-415g","status":"publish","type":"product","link":"https:\/\/clinicpetfood.com\/fr\/produit\/hypoallergenic-stukjes-eend-in-saus-415g\/","title":{"rendered":"Morceaux de canard en sauce hypoallerg\u00e9nique 415g"},"content":{"rendered":"<p>Pour le traitement nutritionnel des chiens souffrant d'allergie ou d'intol\u00e9rance alimentaire et pour soutenir la fonction cutan\u00e9e en cas de troubles de la peau et de perte excessive de poils chez les chiens. On parle d'hypersensibilit\u00e9 alimentaire lorsqu'un chien est hypersensible \u00e0 un composant particulier de son alimentation. Il s'agit souvent de prot\u00e9ines ou d'hydrates de carbone qui r\u00e9agissent anormalement. L'hypersensibilit\u00e9 alimentaire se manifeste g\u00e9n\u00e9ralement par des probl\u00e8mes de peau et de pelage ou des troubles digestifs. CLiNiC Hypoallegenic est sp\u00e9cialement formul\u00e9 pour r\u00e9duire la probabilit\u00e9 d'une r\u00e9action d'hypersensibilit\u00e9 chez votre chien.<\/p>\n<ul>\n<li>Aide \u00e0 r\u00e9duire le risque d'hypersensibilit\u00e9 alimentaire &gt; une source de prot\u00e9ines animales et des sources de glucides s\u00e9lectionn\u00e9es, recette sans gluten de bl\u00e9<\/li>\n<li>Favorise l'\u00e9tat de la peau et du pelage &gt; teneur \u00e9lev\u00e9e en acides gras om\u00e9ga-3 et 6 et en zinc<\/li>\n<li>Contribue \u00e0 une digestion saine et \u00e9quilibr\u00e9e &gt; contient des pr\u00e9biotiques et des ingr\u00e9dients hautement digestibles<\/li>\n<\/ul>","protected":false},"excerpt":{"rendered":"<p>pour les chiens souffrant d'allergies ou d'intol\u00e9rances alimentaires et\/ou de probl\u00e8mes de peau et de pelage<\/p>\n<p style=\"font-weight: 400;\">Ces savoureux morceaux de canard en sauce feront le bonheur de votre chien, car seul le canard est utilis\u00e9 comme source de prot\u00e9ines animales. Pour r\u00e9duire le risque de r\u00e9action, il est important de choisir un aliment qui ne contient qu'une seule source de prot\u00e9ines. Peut \u00eatre donn\u00e9 comme compl\u00e9ment ou comme repas complet pour les chiens difficiles.<\/p>","protected":false},"featured_media":6325,"comment_status":"open","ping_status":"closed","template":"","meta":{"site-sidebar-layout":"default","site-content-layout":"","ast-site-content-layout":"default","site-content-style":"default","site-sidebar-style":"default","ast-global-header-display":"","ast-banner-title-visibility":"","ast-main-header-display":"","ast-hfb-above-header-display":"","ast-hfb-below-header-display":"","ast-hfb-mobile-header-display":"","site-post-title":"","ast-breadcrumbs-content":"","ast-featured-img":"","footer-sml-layout":"","theme-transparent-header-meta":"default","adv-header-id-meta":"","stick-header-meta":"","header-above-stick-meta":"","header-main-stick-meta":"","header-below-stick-meta":"","astra-migrate-meta-layouts":"set","ast-page-background-enabled":"default","ast-page-background-meta":{"desktop":{"background-color":"var(--ast-global-color-4)","background-image":"","background-repeat":"repeat","background-position":"center center","background-size":"auto","background-attachment":"scroll","background-type":"","background-media":"","overlay-type":"","overlay-color":"","overlay-opacity":"","overlay-gradient":""},"tablet":{"background-color":"","background-image":"","background-repeat":"repeat","background-position":"center center","background-size":"auto","background-attachment":"scroll","background-type":"","background-media":"","overlay-type":"","overlay-color":"","overlay-opacity":"","overlay-gradient":""},"mobile":{"background-color":"","background-image":"","background-repeat":"repeat","background-position":"center center","background-size":"auto","background-attachment":"scroll","background-type":"","background-media":"","overlay-type":"","overlay-color":"","overlay-opacity":"","overlay-gradient":""}},"ast-content-background-meta":{"desktop":{"background-color":"var(--ast-global-color-5)","background-image":"","background-repeat":"repeat","background-position":"center center","background-size":"auto","background-attachment":"scroll","background-type":"","background-media":"","overlay-type":"","overlay-color":"","overlay-opacity":"","overlay-gradient":""},"tablet":{"background-color":"var(--ast-global-color-5)","background-image":"","background-repeat":"repeat","background-position":"center center","background-size":"auto","background-attachment":"scroll","background-type":"","background-media":"","overlay-type":"","overlay-color":"","overlay-opacity":"","overlay-gradient":""},"mobile":{"background-color":"var(--ast-global-color-5)","background-image":"","background-repeat":"repeat","background-position":"center center","background-size":"auto","background-attachment":"scroll","background-type":"","background-media":"","overlay-type":"","overlay-color":"","overlay-opacity":"","overlay-gradient":""}}},"product_brand":[],"product_cat":[15],"product_tag":[],"class_list":{"0":"post-6422","1":"product","2":"type-product","3":"status-publish","4":"has-post-thumbnail","6":"product_cat-geen-categorie","7":"desktop-align-left","8":"tablet-align-left","9":"mobile-align-left","11":"first","12":"instock","13":"shipping-taxable","14":"purchasable","15":"product-type-simple"},"yoast_head":"<!-- This site is optimized with the Yoast SEO plugin v27.2 - https:\/\/yoast.com\/product\/yoast-seo-wordpress\/ -->\n<title>Hypoallergenic Stukjes Eend in Saus 415g - CLiNiC<\/title>\n<meta name=\"robots\" content=\"index, follow, max-snippet:-1, max-image-preview:large, max-video-preview:-1\" \/>\n<link rel=\"canonical\" href=\"https:\/\/clinicpetfood.com\/fr\/produit\/hypoallergenic-stukjes-eend-in-saus-415g\/\" \/>\n<meta property=\"og:locale\" content=\"fr_FR\" \/>\n<meta property=\"og:type\" content=\"article\" \/>\n<meta property=\"og:title\" content=\"Hypoallergenic Stukjes Eend in Saus 415g - CLiNiC\" \/>\n<meta property=\"og:description\" content=\"voor honden met een voedselallergie of \u2013intolerantie en\/of huid en vachtproblemen Je hond wordt helemaal blij van deze smaakvolle stukjes eend in saus omdat er alleen eend als dierlijke eiwitbron wordt gebruikt. Om de kans op een reactie te verkleinen is het belangrijk te kiezen voor een voeding met maar \u00e9\u00e9n eiwitbron. Kan als aanvulling of als complete maaltijd voor de moeilijke eter worden gegeven.\" \/>\n<meta property=\"og:url\" content=\"https:\/\/clinicpetfood.com\/fr\/produit\/hypoallergenic-stukjes-eend-in-saus-415g\/\" \/>\n<meta property=\"og:site_name\" content=\"CLiNiC\" \/>\n<meta property=\"article:modified_time\" content=\"2025-04-09T14:17:24+00:00\" \/>\n<meta property=\"og:image\" content=\"https:\/\/clinicpetfood.com\/wp-content\/uploads\/2024\/03\/Clinic-Hypo-duck-blik-415g-1000x1000-1.jpg\" \/>\n\t<meta property=\"og:image:width\" content=\"1000\" \/>\n\t<meta property=\"og:image:height\" content=\"1000\" \/>\n\t<meta property=\"og:image:type\" content=\"image\/jpeg\" \/>\n<meta name=\"twitter:card\" content=\"summary_large_image\" \/>\n<meta name=\"twitter:label1\" content=\"Dur\u00e9e de lecture estim\u00e9e\" \/>\n\t<meta name=\"twitter:data1\" content=\"1 minute\" \/>\n<script type=\"application\/ld+json\" class=\"yoast-schema-graph\">{\"@context\":\"https:\/\/schema.org\",\"@graph\":[{\"@type\":\"WebPage\",\"@id\":\"https:\/\/clinicpetfood.com\/product\/hypoallergenic-stukjes-eend-in-saus-415g\/\",\"url\":\"https:\/\/clinicpetfood.com\/product\/hypoallergenic-stukjes-eend-in-saus-415g\/\",\"name\":\"Hypoallergenic Stukjes Eend in Saus 415g - CLiNiC\",\"isPartOf\":{\"@id\":\"https:\/\/clinicpetfood.com\/#website\"},\"primaryImageOfPage\":{\"@id\":\"https:\/\/clinicpetfood.com\/product\/hypoallergenic-stukjes-eend-in-saus-415g\/#primaryimage\"},\"image\":{\"@id\":\"https:\/\/clinicpetfood.com\/product\/hypoallergenic-stukjes-eend-in-saus-415g\/#primaryimage\"},\"thumbnailUrl\":\"https:\/\/clinicpetfood.com\/wp-content\/uploads\/2024\/03\/Clinic-Hypo-duck-blik-415g-1000x1000-1.jpg\",\"datePublished\":\"2025-01-17T14:12:56+00:00\",\"dateModified\":\"2025-04-09T14:17:24+00:00\",\"breadcrumb\":{\"@id\":\"https:\/\/clinicpetfood.com\/product\/hypoallergenic-stukjes-eend-in-saus-415g\/#breadcrumb\"},\"inLanguage\":\"fr-FR\",\"potentialAction\":[{\"@type\":\"ReadAction\",\"target\":[\"https:\/\/clinicpetfood.com\/product\/hypoallergenic-stukjes-eend-in-saus-415g\/\"]}]},{\"@type\":\"ImageObject\",\"inLanguage\":\"fr-FR\",\"@id\":\"https:\/\/clinicpetfood.com\/product\/hypoallergenic-stukjes-eend-in-saus-415g\/#primaryimage\",\"url\":\"https:\/\/clinicpetfood.com\/wp-content\/uploads\/2024\/03\/Clinic-Hypo-duck-blik-415g-1000x1000-1.jpg\",\"contentUrl\":\"https:\/\/clinicpetfood.com\/wp-content\/uploads\/2024\/03\/Clinic-Hypo-duck-blik-415g-1000x1000-1.jpg\",\"width\":1000,\"height\":1000},{\"@type\":\"BreadcrumbList\",\"@id\":\"https:\/\/clinicpetfood.com\/product\/hypoallergenic-stukjes-eend-in-saus-415g\/#breadcrumb\",\"itemListElement\":[{\"@type\":\"ListItem\",\"position\":1,\"name\":\"Home\",\"item\":\"https:\/\/clinicpetfood.com\/\"},{\"@type\":\"ListItem\",\"position\":2,\"name\":\"Products\",\"item\":\"http:\/\/clinicpetfood.com\/de\/shop\/\"},{\"@type\":\"ListItem\",\"position\":3,\"name\":\"Hypoallergenic Stukjes Eend in Saus 415g\"}]},{\"@type\":\"WebSite\",\"@id\":\"https:\/\/clinicpetfood.com\/#website\",\"url\":\"https:\/\/clinicpetfood.com\/\",\"name\":\"CLiNiC\",\"description\":\"Clinic Veterinary Diet\",\"publisher\":{\"@id\":\"https:\/\/clinicpetfood.com\/#organization\"},\"potentialAction\":[{\"@type\":\"SearchAction\",\"target\":{\"@type\":\"EntryPoint\",\"urlTemplate\":\"https:\/\/clinicpetfood.com\/?s={search_term_string}\"},\"query-input\":{\"@type\":\"PropertyValueSpecification\",\"valueRequired\":true,\"valueName\":\"search_term_string\"}}],\"inLanguage\":\"fr-FR\"},{\"@type\":\"Organization\",\"@id\":\"https:\/\/clinicpetfood.com\/#organization\",\"name\":\"CLiNiC\",\"url\":\"https:\/\/clinicpetfood.com\/\",\"logo\":{\"@type\":\"ImageObject\",\"inLanguage\":\"fr-FR\",\"@id\":\"https:\/\/clinicpetfood.com\/#\/schema\/logo\/image\/\",\"url\":\"https:\/\/clinicpetfood.com\/wp-content\/uploads\/2022\/09\/Logo-Clinic-puppy.png\",\"contentUrl\":\"https:\/\/clinicpetfood.com\/wp-content\/uploads\/2022\/09\/Logo-Clinic-puppy.png\",\"width\":3442,\"height\":982,\"caption\":\"CLiNiC\"},\"image\":{\"@id\":\"https:\/\/clinicpetfood.com\/#\/schema\/logo\/image\/\"}}]}<\/script>\n<!-- \/ Yoast SEO plugin. -->","yoast_head_json":{"title":"Hypoallergenic Stukjes Eend in Saus 415g - CLiNiC","robots":{"index":"index","follow":"follow","max-snippet":"max-snippet:-1","max-image-preview":"max-image-preview:large","max-video-preview":"max-video-preview:-1"},"canonical":"https:\/\/clinicpetfood.com\/fr\/produit\/hypoallergenic-stukjes-eend-in-saus-415g\/","og_locale":"fr_FR","og_type":"article","og_title":"Hypoallergenic Stukjes Eend in Saus 415g - CLiNiC","og_description":"voor honden met een voedselallergie of \u2013intolerantie en\/of huid en vachtproblemen Je hond wordt helemaal blij van deze smaakvolle stukjes eend in saus omdat er alleen eend als dierlijke eiwitbron wordt gebruikt. Om de kans op een reactie te verkleinen is het belangrijk te kiezen voor een voeding met maar \u00e9\u00e9n eiwitbron. Kan als aanvulling of als complete maaltijd voor de moeilijke eter worden gegeven.","og_url":"https:\/\/clinicpetfood.com\/fr\/produit\/hypoallergenic-stukjes-eend-in-saus-415g\/","og_site_name":"CLiNiC","article_modified_time":"2025-04-09T14:17:24+00:00","og_image":[{"width":1000,"height":1000,"url":"https:\/\/clinicpetfood.com\/wp-content\/uploads\/2024\/03\/Clinic-Hypo-duck-blik-415g-1000x1000-1.jpg","type":"image\/jpeg"}],"twitter_card":"summary_large_image","twitter_misc":{"Dur\u00e9e de lecture estim\u00e9e":"1 minute"},"schema":{"@context":"https:\/\/schema.org","@graph":[{"@type":"WebPage","@id":"https:\/\/clinicpetfood.com\/product\/hypoallergenic-stukjes-eend-in-saus-415g\/","url":"https:\/\/clinicpetfood.com\/product\/hypoallergenic-stukjes-eend-in-saus-415g\/","name":"Hypoallergenic Stukjes Eend in Saus 415g - CLiNiC","isPartOf":{"@id":"https:\/\/clinicpetfood.com\/#website"},"primaryImageOfPage":{"@id":"https:\/\/clinicpetfood.com\/product\/hypoallergenic-stukjes-eend-in-saus-415g\/#primaryimage"},"image":{"@id":"https:\/\/clinicpetfood.com\/product\/hypoallergenic-stukjes-eend-in-saus-415g\/#primaryimage"},"thumbnailUrl":"https:\/\/clinicpetfood.com\/wp-content\/uploads\/2024\/03\/Clinic-Hypo-duck-blik-415g-1000x1000-1.jpg","datePublished":"2025-01-17T14:12:56+00:00","dateModified":"2025-04-09T14:17:24+00:00","breadcrumb":{"@id":"https:\/\/clinicpetfood.com\/product\/hypoallergenic-stukjes-eend-in-saus-415g\/#breadcrumb"},"inLanguage":"fr-FR","potentialAction":[{"@type":"ReadAction","target":["https:\/\/clinicpetfood.com\/product\/hypoallergenic-stukjes-eend-in-saus-415g\/"]}]},{"@type":"ImageObject","inLanguage":"fr-FR","@id":"https:\/\/clinicpetfood.com\/product\/hypoallergenic-stukjes-eend-in-saus-415g\/#primaryimage","url":"https:\/\/clinicpetfood.com\/wp-content\/uploads\/2024\/03\/Clinic-Hypo-duck-blik-415g-1000x1000-1.jpg","contentUrl":"https:\/\/clinicpetfood.com\/wp-content\/uploads\/2024\/03\/Clinic-Hypo-duck-blik-415g-1000x1000-1.jpg","width":1000,"height":1000},{"@type":"BreadcrumbList","@id":"https:\/\/clinicpetfood.com\/product\/hypoallergenic-stukjes-eend-in-saus-415g\/#breadcrumb","itemListElement":[{"@type":"ListItem","position":1,"name":"Home","item":"https:\/\/clinicpetfood.com\/"},{"@type":"ListItem","position":2,"name":"Products","item":"http:\/\/clinicpetfood.com\/de\/shop\/"},{"@type":"ListItem","position":3,"name":"Hypoallergenic Stukjes Eend in Saus 415g"}]},{"@type":"WebSite","@id":"https:\/\/clinicpetfood.com\/#website","url":"https:\/\/clinicpetfood.com\/","name":"CLiNiC","description":"Clinic Veterinary Diet","publisher":{"@id":"https:\/\/clinicpetfood.com\/#organization"},"potentialAction":[{"@type":"SearchAction","target":{"@type":"EntryPoint","urlTemplate":"https:\/\/clinicpetfood.com\/?s={search_term_string}"},"query-input":{"@type":"PropertyValueSpecification","valueRequired":true,"valueName":"search_term_string"}}],"inLanguage":"fr-FR"},{"@type":"Organization","@id":"https:\/\/clinicpetfood.com\/#organization","name":"CLiNiC","url":"https:\/\/clinicpetfood.com\/","logo":{"@type":"ImageObject","inLanguage":"fr-FR","@id":"https:\/\/clinicpetfood.com\/#\/schema\/logo\/image\/","url":"https:\/\/clinicpetfood.com\/wp-content\/uploads\/2022\/09\/Logo-Clinic-puppy.png","contentUrl":"https:\/\/clinicpetfood.com\/wp-content\/uploads\/2022\/09\/Logo-Clinic-puppy.png","width":3442,"height":982,"caption":"CLiNiC"},"image":{"@id":"https:\/\/clinicpetfood.com\/#\/schema\/logo\/image\/"}}]}},"_links":{"self":[{"href":"https:\/\/clinicpetfood.com\/fr\/wp-json\/wp\/v2\/product\/6422","targetHints":{"allow":["GET"]}}],"collection":[{"href":"https:\/\/clinicpetfood.com\/fr\/wp-json\/wp\/v2\/product"}],"about":[{"href":"https:\/\/clinicpetfood.com\/fr\/wp-json\/wp\/v2\/types\/product"}],"replies":[{"embeddable":true,"href":"https:\/\/clinicpetfood.com\/fr\/wp-json\/wp\/v2\/comments?post=6422"}],"version-history":[{"count":1,"href":"https:\/\/clinicpetfood.com\/fr\/wp-json\/wp\/v2\/product\/6422\/revisions"}],"predecessor-version":[{"id":6423,"href":"https:\/\/clinicpetfood.com\/fr\/wp-json\/wp\/v2\/product\/6422\/revisions\/6423"}],"wp:featuredmedia":[{"embeddable":true,"href":"https:\/\/clinicpetfood.com\/fr\/wp-json\/wp\/v2\/media\/6325"}],"wp:attachment":[{"href":"https:\/\/clinicpetfood.com\/fr\/wp-json\/wp\/v2\/media?parent=6422"}],"wp:term":[{"taxonomy":"product_brand","embeddable":true,"href":"https:\/\/clinicpetfood.com\/fr\/wp-json\/wp\/v2\/product_brand?post=6422"},{"taxonomy":"product_cat","embeddable":true,"href":"https:\/\/clinicpetfood.com\/fr\/wp-json\/wp\/v2\/product_cat?post=6422"},{"taxonomy":"product_tag","embeddable":true,"href":"https:\/\/clinicpetfood.com\/fr\/wp-json\/wp\/v2\/product_tag?post=6422"}],"curies":[{"name":"wp","href":"https:\/\/api.w.org\/{rel}","templated":true}]}}